{"id":780,"date":"2022-01-04T18:00:27","date_gmt":"2022-01-04T18:00:27","guid":{"rendered":"https:\/\/fiore.vamtam.com\/?page_id=780"},"modified":"2025-10-16T15:19:16","modified_gmt":"2025-10-16T15:19:16","slug":"politica-de-cookies","status":"publish","type":"page","link":"https:\/\/bflower.pt\/pt\/politica-de-cookies\/","title":{"rendered":"Pol\u00edtica de cookies"},"content":{"rendered":"<div data-elementor-type=\"wp-page\" data-elementor-id=\"780\" class=\"elementor elementor-780\" data-elementor-post-type=\"page\">\n\t\t\t\t\t\t<section class=\"elementor-section elementor-top-section elementor-element elementor-element-a9b0403 elementor-section-boxed elementor-section-height-default elementor-section-height-default\" data-id=\"a9b0403\" data-element_type=\"section\">\n\t\t\t\t\t\t<div class=\"elementor-container elementor-column-gap-no\">\n\t\t\t\t\t<div class=\"elementor-column elementor-col-100 elementor-top-column elementor-element elementor-element-9ed67f9\" data-id=\"9ed67f9\" data-element_type=\"column\">\n\t\t\t<div class=\"elementor-widget-wrap\">\n\t\t\t\t\t\t\t<\/div>\n\t\t<\/div>\n\t\t\t\t\t<\/div>\n\t\t<\/section>\n\t\t\t\t<section class=\"elementor-section elementor-top-section elementor-element elementor-element-9f5015e elementor-section-boxed elementor-section-height-default elementor-section-height-default\" data-id=\"9f5015e\" data-element_type=\"section\">\n\t\t\t\t\t\t<div class=\"elementor-container elementor-column-gap-no\">\n\t\t\t\t\t<div class=\"elementor-column elementor-col-100 elementor-top-column elementor-element elementor-element-28bc2fc\" data-id=\"28bc2fc\" data-element_type=\"column\">\n\t\t\t<div class=\"elementor-widget-wrap elementor-element-populated\">\n\t\t\t\t\t\t<div class=\"vamtam-has-theme-widget-styles elementor-element elementor-element-5720c1e elementor-widget elementor-widget-text-editor\" data-id=\"5720c1e\" data-element_type=\"widget\" data-widget_type=\"text-editor.default\">\n\t\t\t\t<div class=\"elementor-widget-container\">\n\t\t\t\t\t\t\t\t\t<h1 class=\"wp-block-heading\">Termos e Condi\u00e7\u00f5es<\/h1><div class=\"fe-block fe-block-f895ec3167e45d330124\"><div id=\"block-f895ec3167e45d330124\" class=\"sqs-block html-block sqs-block-html\" data-blend-mode=\"NORMAL\" data-block-type=\"2\" data-border-radii=\"{&quot;topLeft&quot;:{&quot;unit&quot;:&quot;px&quot;,&quot;value&quot;:0.0},&quot;topRight&quot;:{&quot;unit&quot;:&quot;px&quot;,&quot;value&quot;:0.0},&quot;bottomLeft&quot;:{&quot;unit&quot;:&quot;px&quot;,&quot;value&quot;:0.0},&quot;bottomRight&quot;:{&quot;unit&quot;:&quot;px&quot;,&quot;value&quot;:0.0}}\"><div class=\"sqs-block-content\"><div class=\"sqs-html-content\"><p class=\"preFade fadeIn\">Estes termos e condi\u00e7\u00f5es descrevem as regras e regulamentos para a utiliza\u00e7\u00e3o da Bflower, localizada em <a href=\"https:\/\/bflower.pt\/\">https:\/\/bflower.pt\/<\/a>. Ao aceder a este website, assumimos que o utilizador aceita estes termos e condi\u00e7\u00f5es. N\u00e3o continue a utilizar a Bflower se n\u00e3o concordar com todos os termos e condi\u00e7\u00f5es indicados nesta p\u00e1gina.<\/p><p class=\"preFade fadeIn\">A seguinte terminologia aplica-se aos presentes Termos e Condi\u00e7\u00f5es, Declara\u00e7\u00e3o de Privacidade e Aviso de Exonera\u00e7\u00e3o de Responsabilidade e a todos os Acordos: \u201cCliente\u201d, \u201cVoc\u00ea\u201d e \u201cSeu\u201d referem-se a si, a pessoa que acede a este s\u00edtio Web e que est\u00e1 em conformidade com os termos e condi\u00e7\u00f5es da Empresa. \u201cA Empresa\u201d, \u201cN\u00f3s\u201d, \u201cN\u00f3s\u201d, \u201cNosso\u201d e \u201cN\u00f3s\u201d, refere-se \u00e0 nossa Empresa. \u201cParte\u201d, \u201cPartes\u201d, ou \u201cN\u00f3s\u201d, refere-se tanto ao Cliente como a n\u00f3s pr\u00f3prios. Todos os termos se referem \u00e0 oferta, aceita\u00e7\u00e3o e considera\u00e7\u00e3o do pagamento necess\u00e1rio para levar a cabo o processo da nossa assist\u00eancia ao Cliente da forma mais adequada com o objetivo expresso de satisfazer as necessidades do Cliente no que diz respeito \u00e0 presta\u00e7\u00e3o dos servi\u00e7os declarados da Empresa, de acordo com e sujeito \u00e0 legisla\u00e7\u00e3o vigente em Portugal. Qualquer uso da terminologia acima ou de outras palavras no singular, plural, letras mai\u00fasculas e\/ou ele\/ela ou eles\/elas, s\u00e3o tomados como intercambi\u00e1veis e, portanto, como referindo-se ao mesmo.<\/p><h3 class=\"preSlide slideIn\"><strong>Biscoitos<\/strong><\/h3><p class=\"preFade fadeIn\">Recorremos \u00e0 utiliza\u00e7\u00e3o de cookies. Ao aceder \u00e0 Bflower, est\u00e1 a concordar com a utiliza\u00e7\u00e3o de cookies de acordo com a Pol\u00edtica de Privacidade da Bflower.<\/p><p class=\"preFade fadeIn\">A maioria dos s\u00edtios Web interactivos utiliza cookies que nos permitem recuperar os dados do utilizador em cada visita. Os cookies s\u00e3o utilizados pelo nosso s\u00edtio Web para permitir a funcionalidade de determinadas \u00e1reas e facilitar a visita das pessoas ao nosso s\u00edtio Web. Alguns dos nossos parceiros afiliados\/publicit\u00e1rios tamb\u00e9m podem utilizar cookies.<\/p><h3 class=\"preSlide slideIn\"><strong>Licen\u00e7a<\/strong><\/h3><p class=\"preFade fadeIn\">Salvo indica\u00e7\u00e3o em contr\u00e1rio, a Bflower e\/ou os seus licenciantes det\u00eam os direitos de propriedade intelectual de todo o material existente no <a href=\"https:\/\/bflower.pt\/\">https:\/\/bflower.pt\/<\/a>. Todos os direitos de propriedade intelectual s\u00e3o reservados. Pode aceder a esta p\u00e1gina a partir de\u00a0<a href=\"https:\/\/bflower.pt\/\">https:\/\/bflower.pt\/<\/a>\u00a0para uso pessoal do utilizador, sujeito \u00e0s restri\u00e7\u00f5es estabelecidas nos presentes termos e condi\u00e7\u00f5es.<\/p><p class=\"preFade fadeIn\">N\u00e3o pode:<\/p><ul data-rte-list=\"default\"><li><p class=\"preFade fadeIn\">Republicar material de\u00a0<a href=\"https:\/\/bflower.pt\/\">https:\/\/bflower.pt\/<\/a><\/p><\/li><li><p class=\"preFade fadeIn\">Vender, alugar ou sublicenciar material de\u00a0<a href=\"https:\/\/bflower.pt\/\">https:\/\/bflower.pt\/<\/a><\/p><\/li><li><p class=\"preFade fadeIn\">Reproduzir, duplicar ou copiar material de\u00a0<a href=\"https:\/\/bflower.pt\/\">https:\/\/bflower.pt\/<\/a><\/p><\/li><li><p class=\"preFade fadeIn\">Redistribuir conte\u00fado de\u00a0<a href=\"https:\/\/bflower.pt\/\">https:\/\/bflower.pt\/<\/a><\/p><\/li><\/ul><p class=\"preFade fadeIn\">Algumas partes deste s\u00edtio Web oferecem aos utilizadores a oportunidade de publicar e trocar opini\u00f5es e informa\u00e7\u00f5es em determinadas \u00e1reas do s\u00edtio Web.\u00a0<a href=\"https:\/\/bflower.pt\/\">https:\/\/bflower.pt\/<\/a>\u00a0n\u00e3o filtra, edita, publica ou rev\u00ea os Coment\u00e1rios antes da sua presen\u00e7a no s\u00edtio Web. Os coment\u00e1rios n\u00e3o reflectem os pontos de vista e opini\u00f5es de\u00a0<a href=\"https:\/\/bflower.pt\/\">https:\/\/bflower.pt\/<\/a>\u00a0,seus agentes e\/ou afiliados. Os coment\u00e1rios reflectem os pontos de vista e opini\u00f5es da pessoa que os publica. Na medida do permitido pela legisla\u00e7\u00e3o aplic\u00e1vel,\u00a0<a href=\"https:\/\/bflower.pt\/\">https:\/\/bflower.pt\/<\/a>\u00a0n\u00e3o ser\u00e1 respons\u00e1vel pelos Coment\u00e1rios ou por qualquer responsabilidade, danos ou despesas causados e\/ou sofridos como resultado de qualquer utiliza\u00e7\u00e3o e\/ou publica\u00e7\u00e3o e\/ou aparecimento dos Coment\u00e1rios neste s\u00edtio Web.<\/p><p class=\"preFade fadeIn\"><a href=\"https:\/\/bflower.pt\/\">https:\/\/bflower.pt\/<\/a>\u00a0reserva-se o direito de monitorizar todos os Coment\u00e1rios e de remover quaisquer Coment\u00e1rios que possam ser considerados inadequados, ofensivos ou que violem os presentes Termos e Condi\u00e7\u00f5es.<\/p><p class=\"preFade fadeIn\">O utilizador garante e declara que:<\/p><ul data-rte-list=\"default\"><li><p class=\"preFade fadeIn\">O utilizador tem o direito de publicar os Coment\u00e1rios no nosso s\u00edtio Web e possui todas as licen\u00e7as e autoriza\u00e7\u00f5es necess\u00e1rias para o fazer;<\/p><\/li><li><p class=\"preFade fadeIn\">Os Coment\u00e1rios n\u00e3o violam qualquer direito de propriedade intelectual, incluindo, sem limita\u00e7\u00e3o, direitos de autor, patentes ou marcas registadas de terceiros;<\/p><\/li><li><p class=\"preFade fadeIn\">Os Coment\u00e1rios n\u00e3o cont\u00eam qualquer material difamat\u00f3rio, calunioso, ofensivo, indecente ou de outra forma ilegal que constitua uma invas\u00e3o de privacidade<\/p><\/li><li><p class=\"preFade fadeIn\">Os Coment\u00e1rios n\u00e3o ser\u00e3o utilizados para solicitar ou promover neg\u00f3cios ou costumes ou apresentar actividades comerciais ou actividades ilegais.<\/p><\/li><\/ul><p class=\"preFade fadeIn\">O utilizador concede\u00a0<a href=\"https:\/\/bflower.pt\/\">https:\/\/bflower.pt\/<\/a>\u00a0uma licen\u00e7a n\u00e3o exclusiva para utilizar, reproduzir, editar e autorizar outros a utilizar, reproduzir e editar quaisquer dos seus Coment\u00e1rios em todas e quaisquer formas, formatos ou meios.<\/p><h3 class=\"preSlide slideIn\"><strong>Hiperliga\u00e7\u00e3o ao nosso conte\u00fado<\/strong><\/h3><p class=\"preFade fadeIn\">As seguintes organiza\u00e7\u00f5es podem estabelecer liga\u00e7\u00f5es ao nosso s\u00edtio Web sem autoriza\u00e7\u00e3o pr\u00e9via por escrito:<\/p><ul data-rte-list=\"default\"><li><p class=\"preFade fadeIn\">Ag\u00eancias governamentais;<\/p><\/li><li><p class=\"preFade fadeIn\">Motores de pesquisa;<\/p><\/li><li><p class=\"preFade fadeIn\">Organiza\u00e7\u00f5es noticiosas;<\/p><\/li><li><p class=\"preFade fadeIn\">Os distribuidores de diret\u00f3rios em linha podem estabelecer liga\u00e7\u00f5es ao nosso s\u00edtio Web da mesma forma que estabelecem hiperliga\u00e7\u00f5es para os s\u00edtios Web de outras empresas listadas; e<\/p><\/li><li><p class=\"preFade fadeIn\">Empresas acreditadas em todo o sistema, exceto organiza\u00e7\u00f5es sem fins lucrativos, centros comerciais de benefic\u00eancia e grupos de angaria\u00e7\u00e3o de fundos de benefic\u00eancia que n\u00e3o podem estabelecer hiperliga\u00e7\u00f5es para o nosso s\u00edtio Web.<\/p><\/li><\/ul><p class=\"preFade fadeIn\">Estas organiza\u00e7\u00f5es podem estabelecer liga\u00e7\u00f5es \u00e0 nossa p\u00e1gina inicial, a publica\u00e7\u00f5es ou a outras informa\u00e7\u00f5es do s\u00edtio Web, desde que a liga\u00e7\u00e3o (a) n\u00e3o seja de forma alguma enganosa; (b) n\u00e3o implique falsamente o patroc\u00ednio, o endosso ou a aprova\u00e7\u00e3o da parte que estabelece a liga\u00e7\u00e3o e dos seus produtos e\/ou servi\u00e7os; e (c) se enquadre no contexto do s\u00edtio da parte que estabelece a liga\u00e7\u00e3o.<\/p><p class=\"preFade fadeIn\">Podemos considerar e aprovar outros pedidos de liga\u00e7\u00e3o dos seguintes tipos de organiza\u00e7\u00f5es:<\/p><ul data-rte-list=\"default\"><li><p class=\"preFade fadeIn\">fontes de informa\u00e7\u00e3o comummente conhecidas dos consumidores e\/ou das empresas;<\/p><\/li><li><p class=\"preFade fadeIn\">s\u00edtios comunit\u00e1rios dot.com;<\/p><\/li><li><p class=\"preFade fadeIn\">associa\u00e7\u00f5es ou outros grupos representativos de institui\u00e7\u00f5es de solidariedade social;<\/p><\/li><li><p class=\"preFade fadeIn\">distribuidores de diret\u00f3rios em linha;<\/p><\/li><li><p class=\"preFade fadeIn\">portais de Internet;<\/p><\/li><li><p class=\"preFade fadeIn\">empresas de contabilidade, advocacia e consultoria; e<\/p><\/li><li><p class=\"preFade fadeIn\">institui\u00e7\u00f5es de ensino e associa\u00e7\u00f5es profissionais.<\/p><\/li><\/ul><p class=\"preFade fadeIn\">Aprovaremos os pedidos de hiperliga\u00e7\u00e3o destas organiza\u00e7\u00f5es se decidirmos que: (a) a hiperliga\u00e7\u00e3o n\u00e3o nos daria uma imagem desfavor\u00e1vel de n\u00f3s pr\u00f3prios ou das nossas empresas acreditadas; (b) a organiza\u00e7\u00e3o n\u00e3o tem quaisquer registos negativos connosco; (c) o benef\u00edcio para n\u00f3s da visibilidade da hiperliga\u00e7\u00e3o compensa a aus\u00eancia de\u00a0<a href=\"https:\/\/bflower.pt\/\">https:\/\/bflower.pt\/<\/a>; e (d) a hiperliga\u00e7\u00e3o est\u00e1 no contexto de informa\u00e7\u00f5es gerais sobre recursos.<\/p><p class=\"preFade fadeIn\">Estas organiza\u00e7\u00f5es podem estabelecer uma liga\u00e7\u00e3o \u00e0 nossa p\u00e1gina inicial, desde que a liga\u00e7\u00e3o: (a) n\u00e3o seja de forma alguma enganadora; (b) n\u00e3o implique falsamente o patroc\u00ednio, o endosso ou a aprova\u00e7\u00e3o da parte que estabelece a liga\u00e7\u00e3o e dos seus produtos ou servi\u00e7os; e (c) se enquadre no contexto do s\u00edtio da parte que estabelece a liga\u00e7\u00e3o.<\/p><p class=\"preFade fadeIn\">Se for uma das organiza\u00e7\u00f5es enumeradas no n.\u00ba 2 acima e estiver interessado em estabelecer uma liga\u00e7\u00e3o ao nosso s\u00edtio Web, deve informar-nos enviando uma mensagem de correio eletr\u00f3nico para\u00a0<a href=\"https:\/\/bflower.pt\/\">https:\/\/bflower.pt\/<\/a>. Inclua o seu nome, o nome da sua organiza\u00e7\u00e3o, informa\u00e7\u00f5es de contacto, bem como o URL do seu site, uma lista de quaisquer URLs a partir dos quais pretende estabelecer uma liga\u00e7\u00e3o ao nosso site e uma lista dos URLs do nosso site aos quais gostaria de estabelecer uma liga\u00e7\u00e3o. Aguarde 2-3 semanas por uma resposta.<\/p><p class=\"preFade fadeIn\">As organiza\u00e7\u00f5es aprovadas podem criar hiperliga\u00e7\u00f5es para o nosso s\u00edtio Web da seguinte forma:<\/p><ul data-rte-list=\"default\"><li><p class=\"preFade fadeIn\">Atrav\u00e9s da utiliza\u00e7\u00e3o da nossa denomina\u00e7\u00e3o social; ou<\/p><\/li><li><p class=\"preFade fadeIn\">Atrav\u00e9s da utiliza\u00e7\u00e3o do localizador uniforme de recursos que est\u00e1 a ser ligado; ou<\/p><\/li><li><p class=\"preFade fadeIn\">Atrav\u00e9s da utiliza\u00e7\u00e3o de qualquer outra descri\u00e7\u00e3o do nosso S\u00edtio Web que esteja a ser ligado e que fa\u00e7a sentido no contexto e formato do conte\u00fado do s\u00edtio da parte que estabelece a liga\u00e7\u00e3o.<\/p><\/li><\/ul><p class=\"preFade fadeIn\">N\u00e3o ser\u00e1 permitida a utiliza\u00e7\u00e3o de Bflower ou de outro trabalho art\u00edstico para liga\u00e7\u00e3o sem um acordo de licen\u00e7a de marca registada.<\/p><h3 class=\"preSlide slideIn\"><strong>iFrames<\/strong><\/h3><p class=\"preFade fadeIn\">Sem aprova\u00e7\u00e3o pr\u00e9via e autoriza\u00e7\u00e3o por escrito, o utilizador n\u00e3o pode criar molduras em torno das nossas p\u00e1ginas Web que alterem de alguma forma a apresenta\u00e7\u00e3o visual ou o aspeto do nosso s\u00edtio Web.<\/p><h3 class=\"preSlide slideIn\"><strong>Responsabilidade pelo conte\u00fado<\/strong><\/h3><p class=\"preFade fadeIn\">N\u00e3o seremos respons\u00e1veis por qualquer conte\u00fado que apare\u00e7a no seu s\u00edtio Web. O utilizador concorda em proteger-nos e defender-nos contra todas as reclama\u00e7\u00f5es que surjam no seu s\u00edtio Web. N\u00e3o devem aparecer liga\u00e7\u00f5es em nenhum s\u00edtio Web que possam ser interpretadas como difamat\u00f3rias, obscenas ou criminosas, ou que infrinjam, violem ou defendam a infra\u00e7\u00e3o ou outra viola\u00e7\u00e3o de quaisquer direitos de terceiros.<\/p><h3 class=\"preSlide slideIn\"><strong>A sua privacidade<\/strong><\/h3><p class=\"preFade fadeIn\">Ler a Pol\u00edtica de Privacidade<\/p><h3 class=\"preSlide slideIn\"><strong>Reserva de direitos<\/strong><\/h3><p class=\"preFade fadeIn\">Reservamo-nos o direito de solicitar a remo\u00e7\u00e3o de todas as liga\u00e7\u00f5es ou de qualquer liga\u00e7\u00e3o espec\u00edfica ao nosso s\u00edtio Web. O utilizador aprova a remo\u00e7\u00e3o imediata de todas as liga\u00e7\u00f5es ao nosso s\u00edtio Web mediante pedido. Tamb\u00e9m nos reservamos o direito de alterar estes termos e condi\u00e7\u00f5es e a sua pol\u00edtica de liga\u00e7\u00e3o em qualquer altura. Ao estabelecer continuamente uma liga\u00e7\u00e3o ao nosso s\u00edtio Web, o utilizador concorda em respeitar e seguir estes termos e condi\u00e7\u00f5es de liga\u00e7\u00e3o.<\/p><h3 class=\"preSlide slideIn\"><strong>Remo\u00e7\u00e3o de liga\u00e7\u00f5es do nosso s\u00edtio Web<\/strong><\/h3><p class=\"preFade fadeIn\">Se encontrar uma hiperliga\u00e7\u00e3o no nosso s\u00edtio Web que seja ofensiva por qualquer motivo, pode contactar-nos e informar-nos a qualquer momento. Teremos em conta os pedidos de remo\u00e7\u00e3o de liga\u00e7\u00f5es, mas n\u00e3o somos obrigados a faz\u00ea-lo ou a responder-lhe diretamente.<\/p><p class=\"preFade fadeIn\">N\u00e3o garantimos que as informa\u00e7\u00f5es contidas neste s\u00edtio Web estejam corretas, n\u00e3o garantimos a sua exaustividade ou exatid\u00e3o; nem prometemos garantir que o s\u00edtio Web permane\u00e7a dispon\u00edvel ou que o material no s\u00edtio Web seja mantido atualizado.<\/p><h3 class=\"preSlide slideIn\"><strong>Declara\u00e7\u00e3o de exonera\u00e7\u00e3o de responsabilidade<\/strong><\/h3><p class=\"preFade fadeIn\">Na medida m\u00e1xima permitida pela lei aplic\u00e1vel, exclu\u00edmos todas as representa\u00e7\u00f5es, garantias e condi\u00e7\u00f5es relacionadas com o nosso s\u00edtio Web e a utiliza\u00e7\u00e3o deste s\u00edtio Web. Nada nesta declara\u00e7\u00e3o de exonera\u00e7\u00e3o de responsabilidade ser\u00e1:<\/p><ul data-rte-list=\"default\"><li><p class=\"preFade fadeIn\">limitar ou excluir a nossa ou a sua responsabilidade por morte ou danos pessoais;<\/p><\/li><li><p class=\"preFade fadeIn\">limitar ou excluir a nossa ou a sua responsabilidade por fraude ou falsas declara\u00e7\u00f5es fraudulentas;<\/p><\/li><li><p class=\"preFade fadeIn\">limitar qualquer uma das nossas ou das suas responsabilidades de qualquer forma que n\u00e3o seja permitida pela lei aplic\u00e1vel; ou<\/p><\/li><li><p class=\"preFade fadeIn\">excluir qualquer responsabilidade nossa ou do utilizador que n\u00e3o possa ser exclu\u00edda ao abrigo da legisla\u00e7\u00e3o aplic\u00e1vel.<\/p><\/li><\/ul><p class=\"preFade fadeIn\">As limita\u00e7\u00f5es e proibi\u00e7\u00f5es de responsabilidade estabelecidas nesta sec\u00e7\u00e3o e noutras partes da presente declara\u00e7\u00e3o de exonera\u00e7\u00e3o de responsabilidade: (a) est\u00e3o sujeitas ao par\u00e1grafo anterior; e (b) regem todas as responsabilidades decorrentes da declara\u00e7\u00e3o de exonera\u00e7\u00e3o de responsabilidade, incluindo as responsabilidades decorrentes de contrato, de ato il\u00edcito e de viola\u00e7\u00e3o de deveres legais.<\/p><p class=\"preFade fadeIn\">Enquanto o s\u00edtio Web e as informa\u00e7\u00f5es e servi\u00e7os nele contidos forem fornecidos gratuitamente, n\u00e3o seremos respons\u00e1veis por quaisquer perdas ou danos de qualquer natureza.<\/p><\/div><\/div><\/div><\/div>\t\t\t\t\t\t\t\t<\/div>\n\t\t\t\t<\/div>\n\t\t\t\t\t<\/div>\n\t\t<\/div>\n\t\t\t\t\t<\/div>\n\t\t<\/section>\n\t\t\t\t<\/div>","protected":false},"excerpt":{"rendered":"<p>Terms and Conditions These terms and conditions outline the rules and regulations for the use of Bflower, located at https:\/\/bflower.pt\/. By accessing this website we assume you accept these terms and conditions. Do not continue to use Bflower if you do not agree to take all of the terms and conditions stated on this page&#8230;.<\/p>","protected":false},"author":1,"featured_media":0,"parent":0,"menu_order":0,"comment_status":"closed","ping_status":"closed","template":"","meta":{"footnotes":""},"class_list":["post-780","page","type-page","status-publish","hentry"],"aioseo_notices":[],"_links":{"self":[{"href":"https:\/\/bflower.pt\/pt\/wp-json\/wp\/v2\/pages\/780","targetHints":{"allow":["GET"]}}],"collection":[{"href":"https:\/\/bflower.pt\/pt\/wp-json\/wp\/v2\/pages"}],"about":[{"href":"https:\/\/bflower.pt\/pt\/wp-json\/wp\/v2\/types\/page"}],"author":[{"embeddable":true,"href":"https:\/\/bflower.pt\/pt\/wp-json\/wp\/v2\/users\/1"}],"replies":[{"embeddable":true,"href":"https:\/\/bflower.pt\/pt\/wp-json\/wp\/v2\/comments?post=780"}],"version-history":[{"count":9,"href":"https:\/\/bflower.pt\/pt\/wp-json\/wp\/v2\/pages\/780\/revisions"}],"predecessor-version":[{"id":988594,"href":"https:\/\/bflower.pt\/pt\/wp-json\/wp\/v2\/pages\/780\/revisions\/988594"}],"wp:attachment":[{"href":"https:\/\/bflower.pt\/pt\/wp-json\/wp\/v2\/media?parent=780"}],"curies":[{"name":"wp","href":"https:\/\/api.w.org\/{rel}","templated":true}]}}