{"id":3,"date":"2021-12-09T15:27:13","date_gmt":"2021-12-09T15:27:13","guid":{"rendered":"https:\/\/fiore.vamtam.com\/?page_id=3"},"modified":"2025-10-16T15:03:40","modified_gmt":"2025-10-16T15:03:40","slug":"politica-de-privacidade","status":"publish","type":"page","link":"https:\/\/bflower.pt\/pt\/politica-de-privacidade\/","title":{"rendered":"Privacidade"},"content":{"rendered":"<div data-elementor-type=\"wp-page\" data-elementor-id=\"3\" class=\"elementor elementor-3\" data-elementor-post-type=\"page\">\n\t\t\t\t\t\t<section class=\"elementor-section elementor-top-section elementor-element elementor-element-a213dbc elementor-section-boxed elementor-section-height-default elementor-section-height-default\" data-id=\"a213dbc\" data-element_type=\"section\">\n\t\t\t\t\t\t<div class=\"elementor-container elementor-column-gap-no\">\n\t\t\t\t\t<div class=\"elementor-column elementor-col-100 elementor-top-column elementor-element elementor-element-7d997b6\" data-id=\"7d997b6\" data-element_type=\"column\">\n\t\t\t<div class=\"elementor-widget-wrap elementor-element-populated\">\n\t\t\t\t\t\t<div class=\"elementor-element elementor-element-80633d8 elementor-invisible elementor-widget elementor-widget-heading\" data-id=\"80633d8\" data-element_type=\"widget\" data-settings=\"{&quot;_animation&quot;:&quot;fadeInUp&quot;,&quot;_animation_tablet&quot;:&quot;none&quot;}\" data-widget_type=\"heading.default\">\n\t\t\t\t<div class=\"elementor-widget-container\">\n\t\t\t\t\t<h1 class=\"elementor-heading-title elementor-size-default\">Privacidade<\/h1>\t\t\t\t<\/div>\n\t\t\t\t<\/div>\n\t\t\t\t\t<\/div>\n\t\t<\/div>\n\t\t\t\t\t<\/div>\n\t\t<\/section>\n\t\t\t\t<section class=\"elementor-section elementor-top-section elementor-element elementor-element-387c5ed8 elementor-section-boxed elementor-section-height-default elementor-section-height-default\" data-id=\"387c5ed8\" data-element_type=\"section\">\n\t\t\t\t\t\t<div class=\"elementor-container elementor-column-gap-no\">\n\t\t\t\t\t<div class=\"elementor-column elementor-col-100 elementor-top-column elementor-element elementor-element-3b880a5f\" data-id=\"3b880a5f\" data-element_type=\"column\">\n\t\t\t<div class=\"elementor-widget-wrap elementor-element-populated\">\n\t\t\t\t\t\t<div class=\"vamtam-has-theme-widget-styles elementor-element elementor-element-aa7b4be elementor-widget elementor-widget-text-editor\" data-id=\"aa7b4be\" data-element_type=\"widget\" data-widget_type=\"text-editor.default\">\n\t\t\t\t<div class=\"elementor-widget-container\">\n\t\t\t\t\t\t\t\t\t<h2 class=\"wp-block-heading\">Privacidade<\/h2><p>\u00c9 pol\u00edtica da Bflower respeitar a sua privacidade em rela\u00e7\u00e3o a qualquer informa\u00e7\u00e3o que possamos recolher durante o funcionamento do nosso s\u00edtio Web. Esta Pol\u00edtica de Privacidade aplica-se a <a href=\"https:\/\/bflower.pt\/\">https:\/\/bflower.pt\/<\/a>\u00a0(a seguir designados por \u201cn\u00f3s\u201d, \u201cn\u00f3s\u201d ou \u201c<a href=\"https:\/\/bflower.pt\/\">https:\/\/bflower.pt\/<\/a>\u201d). Respeitamos a sua privacidade e estamos empenhados em proteger as informa\u00e7\u00f5es pessoais identific\u00e1veis que nos possa fornecer atrav\u00e9s do s\u00edtio Web. Adopt\u00e1mos esta pol\u00edtica de privacidade (\u201cPol\u00edtica de privacidade\u201d) para explicar quais as informa\u00e7\u00f5es que podem ser recolhidas no nosso s\u00edtio Web, como as utilizamos e em que circunst\u00e2ncias podemos divulgar as informa\u00e7\u00f5es a terceiros. Esta Pol\u00edtica de Privacidade aplica-se apenas \u00e0s informa\u00e7\u00f5es que recolhemos atrav\u00e9s do S\u00edtio e n\u00e3o se aplica \u00e0 nossa recolha de informa\u00e7\u00f5es de outras fontes.<\/p><p>A presente Pol\u00edtica de Privacidade, juntamente com os Termos e Condi\u00e7\u00f5es publicados no nosso s\u00edtio Web, estabelecem as regras e pol\u00edticas gerais que regem a utiliza\u00e7\u00e3o do nosso s\u00edtio Web. Dependendo das suas actividades ao visitar o nosso s\u00edtio Web, poder\u00e1 ser-lhe pedido que aceite termos e condi\u00e7\u00f5es adicionais.<\/p><h2 class=\"wp-block-heading\">Visitantes do s\u00edtio Web<\/h2><p>Como a maioria dos operadores de s\u00edtios Web, a We recolhe informa\u00e7\u00f5es de identifica\u00e7\u00e3o n\u00e3o pessoal que os navegadores e servidores geralmente disponibilizam, como o tipo de navegador, a prefer\u00eancia de idioma, o s\u00edtio Web de refer\u00eancia e a data e hora de cada pedido de visitante. O nosso objetivo ao recolher informa\u00e7\u00f5es de identifica\u00e7\u00e3o n\u00e3o pessoal \u00e9 compreender melhor a forma como os visitantes utilizam o seu s\u00edtio Web. Ocasionalmente, poderemos divulgar informa\u00e7\u00f5es n\u00e3o pessoalmente identific\u00e1veis, por exemplo, publicando um relat\u00f3rio sobre tend\u00eancias na utiliza\u00e7\u00e3o do seu s\u00edtio Web.<\/p><p>Tamb\u00e9m recolhemos informa\u00e7\u00f5es potencialmente identific\u00e1veis, tais como endere\u00e7os IP, para os utilizadores com sess\u00e3o iniciada e para os utilizadores que deixam coment\u00e1rios em\u00a0<a href=\"https:\/\/bflower.pt\/\">https:\/\/bflower.pt\/<\/a>. Apenas divulgamos endere\u00e7os IP de utilizadores registados e comentadores nas mesmas circunst\u00e2ncias em que utilizamos e divulgamos informa\u00e7\u00f5es de identifica\u00e7\u00e3o pessoal, conforme descrito abaixo.<\/p><h2 class=\"wp-block-heading\">Recolha de informa\u00e7\u00f5es de identifica\u00e7\u00e3o pessoal<\/h2><p>Alguns visitantes do nosso s\u00edtio Web optam por interagir connosco de formas que nos obrigam a recolher informa\u00e7\u00f5es de identifica\u00e7\u00e3o pessoal. A quantidade e o tipo de informa\u00e7\u00f5es que o nosso s\u00edtio Web recolhe depende da natureza da intera\u00e7\u00e3o. Por exemplo, os visitantes que subscrevem um blogue em\u00a0<a href=\"https:\/\/bflower.pt\/\">https:\/\/bflower.pt\/<\/a>\u00a0s\u00e3o convidados a fornecer um nome de utilizador e um endere\u00e7o de correio eletr\u00f3nico.<\/p><h2 class=\"wp-block-heading\">Seguran\u00e7a<\/h2><p>Para proteger as suas informa\u00e7\u00f5es pessoais, tomamos precau\u00e7\u00f5es e seguimos as melhores pr\u00e1ticas da ind\u00fastria para garantir que n\u00e3o s\u00e3o perdidas, utilizadas incorretamente, visualizadas, divulgadas, alteradas ou destru\u00eddas.<\/p><p>Se nos fornecer informa\u00e7\u00f5es sobre o seu cart\u00e3o de cr\u00e9dito, estas ser\u00e3o encriptadas utilizando a tecnologia \u201csecure socket layer\u201d (SSL) e armazenadas com encripta\u00e7\u00e3o AES-256.  Embora nenhum m\u00e9todo de transmiss\u00e3o atrav\u00e9s da Internet ou de armazenamento eletr\u00f3nico seja 100% seguro, seguimos todos os requisitos PCI-DSS e implementamos medidas adicionais aceites pelas normas da ind\u00fastria.<\/p><p>A seguran\u00e7a das suas informa\u00e7\u00f5es pessoais \u00e9 importante para n\u00f3s, mas lembre-se que nenhum m\u00e9todo de transmiss\u00e3o atrav\u00e9s da Internet ou m\u00e9todo de armazenamento eletr\u00f3nico \u00e9 100% seguro. Embora nos esforcemos por utilizar meios comercialmente aceit\u00e1veis para proteger as suas informa\u00e7\u00f5es pessoais, n\u00e3o podemos garantir a sua seguran\u00e7a absoluta.<\/p><h2 class=\"wp-block-heading\">Biscoitos<\/h2><p>Para enriquecer e melhorar a sua experi\u00eancia em linha,\u00a0<a href=\"https:\/\/bflower.pt\/\">https:\/\/bflower.pt\/<\/a>\u00a0utiliza \u201cCookies\u201d, tecnologias semelhantes e servi\u00e7os fornecidos por terceiros para apresentar conte\u00fados personalizados, publicidade adequada e armazenar as suas prefer\u00eancias no seu computador.<\/p><p>Um cookie \u00e9 uma sequ\u00eancia de informa\u00e7\u00f5es que um s\u00edtio Web armazena no computador de um visitante e que o browser do visitante fornece ao s\u00edtio Web sempre que este regressa. https:\/\/bflower.pt\/ utiliza cookies para nos ajudar a identificar e acompanhar os visitantes, a sua utiliza\u00e7\u00e3o de <a href=\"https:\/\/bflower.pt\/\">https:\/\/bflower.pt\/<\/a>\u00a0e prefer\u00eancias de acesso ao s\u00edtio. Os visitantes do nosso s\u00edtio Web que n\u00e3o queiram que sejam colocados cookies no seu computador devem configurar o seu browser para recusar cookies antes de utilizarem o nosso s\u00edtio Web, com a desvantagem de certas carater\u00edsticas do nosso s\u00edtio Web poderem n\u00e3o funcionar corretamente sem a ajuda de cookies. .<\/p><p>Ao continuar a navegar no nosso s\u00edtio Web sem alterar as suas defini\u00e7\u00f5es de cookies, o utilizador reconhece e concorda com a utiliza\u00e7\u00e3o de cookies pelo nosso s\u00edtio Web.<\/p><h2 class=\"wp-block-heading\">Durante quanto tempo conservamos os seus dados<\/h2><p>Se deixar um coment\u00e1rio, o coment\u00e1rio e os seus metadados s\u00e3o mantidos indefinidamente. Isto permite-nos reconhecer e aprovar automaticamente quaisquer coment\u00e1rios subsequentes, em vez de os mantermos numa fila de modera\u00e7\u00e3o.<\/p><p>Para os utilizadores que se registam no nosso s\u00edtio Web (caso existam), tamb\u00e9m guardamos as informa\u00e7\u00f5es pessoais que fornecem no seu perfil de utilizador. Todos os utilizadores podem ver, editar ou eliminar as suas informa\u00e7\u00f5es pessoais em qualquer altura (exceto que n\u00e3o podem alterar o seu nome de utilizador). Os administradores do s\u00edtio Web tamb\u00e9m podem ver e editar essas informa\u00e7\u00f5es.<\/p><h2 class=\"wp-block-heading\">Que direitos tem sobre os seus dados<\/h2><p>Se tiver uma conta neste s\u00edtio ou tiver deixado coment\u00e1rios, pode pedir para receber um ficheiro exportado dos dados pessoais que temos sobre si, incluindo quaisquer dados que nos tenha fornecido. Tamb\u00e9m pode solicitar que apaguemos quaisquer dados pessoais que tenhamos sobre si. Isto n\u00e3o inclui quaisquer dados que sejamos obrigados a manter para fins administrativos, legais ou de seguran\u00e7a.<\/p><h2 class=\"wp-block-heading\">Altera\u00e7\u00f5es \u00e0 pol\u00edtica de privacidade<\/h2><p>Embora a maior parte das altera\u00e7\u00f5es sejam provavelmente menores, a Web pode alterar a sua Pol\u00edtica de Privacidade periodicamente e a seu exclusivo crit\u00e9rio.<a href=\"https:\/\/bflower.pt\/\">https:\/\/bflower.pt\/<\/a>\u00a0incentiva os visitantes a consultarem frequentemente esta p\u00e1gina para verificarem as altera\u00e7\u00f5es \u00e0 sua Pol\u00edtica de Privacidade. A utiliza\u00e7\u00e3o continuada deste s\u00edtio Web ap\u00f3s qualquer altera\u00e7\u00e3o \u00e0 Pol\u00edtica de Privacidade constituir\u00e1 a aceita\u00e7\u00e3o dessa altera\u00e7\u00e3o.<\/p><h2>Os seus direitos em mat\u00e9ria de dados<\/h2><p>Se tiver uma conta registada neste s\u00edtio Web ou tiver deixado coment\u00e1rios, pode solicitar um ficheiro exportado dos dados pessoais que conservamos, incluindo quaisquer dados adicionais que nos tenha fornecido. Tamb\u00e9m pode solicitar a elimina\u00e7\u00e3o de quaisquer dados pessoais que tenhamos guardado. Isto n\u00e3o inclui quaisquer dados que sejamos obrigados a manter para fins administrativos, legais ou de seguran\u00e7a. Em suma, n\u00e3o podemos apagar os dados que s\u00e3o vitais para o utilizador ser um cliente ativo (ou seja, informa\u00e7\u00f5es b\u00e1sicas da conta, como um endere\u00e7o de correio eletr\u00f3nico). Se o utilizador desejar que todos os seus dados sejam apagados, deixaremos de poder oferecer-lhe qualquer apoio ou outros servi\u00e7os relacionados com o produto.<\/p><h2>Direitos do RGPD<\/h2><p>A sua privacidade \u00e9 extremamente importante para n\u00f3s. Ao avan\u00e7ar com o RGPD, o nosso objetivo \u00e9 apoiar as normas do RGPD.\u00a0<a href=\"https:\/\/danilimpa.pt\/\">https:\/\/danilimpa.pt\/<\/a>\u00a0permite que os residentes da Uni\u00e3o Europeia utilizem o seu Servi\u00e7o. Por conseguinte, \u00e9 inten\u00e7\u00e3o do\u00a0<a href=\"https:\/\/bflower.pt\/\">https:\/\/bflower.pt\/<\/a>\u00a0para cumprir o Regulamento Geral Europeu sobre a Prote\u00e7\u00e3o de Dados. Para mais pormenores, consulte aqui:\u00a0<a href=\"https:\/\/www.eugdpr.org\/\" target=\"_blank\" rel=\"noreferrer noopener\">Portal de informa\u00e7\u00e3o sobre o RGPD da UE.<\/a><\/p><h2>Divulga\u00e7\u00e3o dos seus dados para fins legais<\/h2><p>Por vezes, pode ser necess\u00e1rio ou desej\u00e1vel\u00a0<a href=\"https:\/\/bflower.pt\/\">https:\/\/bflower.pt\/<\/a>, para fins legais, para divulgar as suas informa\u00e7\u00f5es em resposta a um pedido de uma ag\u00eancia governamental ou de um litigante privado. O utilizador concorda que podemos divulgar as suas informa\u00e7\u00f5es a terceiros quando acreditarmos, de boa f\u00e9, que \u00e9 desej\u00e1vel faz\u00ea-lo para efeitos de uma a\u00e7\u00e3o civil, investiga\u00e7\u00e3o criminal ou outro assunto legal. No caso de recebermos uma intima\u00e7\u00e3o que afecte a sua privacidade, podemos optar por notific\u00e1-lo para lhe dar a oportunidade de apresentar uma mo\u00e7\u00e3o para anular a intima\u00e7\u00e3o, ou podemos tentar anul\u00e1-la n\u00f3s pr\u00f3prios, mas n\u00e3o somos obrigados a faz\u00ea-lo. Poderemos tamb\u00e9m denunci\u00e1-lo proactivamente e divulgar as suas informa\u00e7\u00f5es a terceiros quando considerarmos que \u00e9 prudente faz\u00ea-lo por motivos legais, como a nossa convic\u00e7\u00e3o de que se envolveu em actividades fraudulentas. O utilizador isenta-nos de quaisquer danos que possam surgir ou estar relacionados com a divulga\u00e7\u00e3o das suas informa\u00e7\u00f5es a pedido de ag\u00eancias de aplica\u00e7\u00e3o da lei ou de litigantes privados.<\/p><p>Qualquer transmiss\u00e3o de dados pessoais para fins legais s\u00f3 ser\u00e1 efectuada em conformidade com a legisla\u00e7\u00e3o do pa\u00eds em que reside.<\/p><p>\u00a0<\/p>\t\t\t\t\t\t\t\t<\/div>\n\t\t\t\t<\/div>\n\t\t\t\t\t<\/div>\n\t\t<\/div>\n\t\t\t\t\t<\/div>\n\t\t<\/section>\n\t\t\t\t<\/div>","protected":false},"excerpt":{"rendered":"<p>Privacy Policy Privacy Policy It is Bflower policy to respect your privacy regarding any information we may collect during the operation of our website. This Privacy Policy applies to https:\/\/bflower.pt\/\u00a0(hereinafter \u201cus\u201d, \u201cwe\u201d or \u201chttps:\/\/bflower.pt\/\u201d). We respect your privacy and are committed to protecting the personally identifiable information you may provide to us through the website&#8230;.<\/p>","protected":false},"author":1,"featured_media":0,"parent":0,"menu_order":0,"comment_status":"closed","ping_status":"open","template":"","meta":{"footnotes":""},"class_list":["post-3","page","type-page","status-publish","hentry"],"aioseo_notices":[],"_links":{"self":[{"href":"https:\/\/bflower.pt\/pt\/wp-json\/wp\/v2\/pages\/3","targetHints":{"allow":["GET"]}}],"collection":[{"href":"https:\/\/bflower.pt\/pt\/wp-json\/wp\/v2\/pages"}],"about":[{"href":"https:\/\/bflower.pt\/pt\/wp-json\/wp\/v2\/types\/page"}],"author":[{"embeddable":true,"href":"https:\/\/bflower.pt\/pt\/wp-json\/wp\/v2\/users\/1"}],"replies":[{"embeddable":true,"href":"https:\/\/bflower.pt\/pt\/wp-json\/wp\/v2\/comments?post=3"}],"version-history":[{"count":3,"href":"https:\/\/bflower.pt\/pt\/wp-json\/wp\/v2\/pages\/3\/revisions"}],"predecessor-version":[{"id":988585,"href":"https:\/\/bflower.pt\/pt\/wp-json\/wp\/v2\/pages\/3\/revisions\/988585"}],"wp:attachment":[{"href":"https:\/\/bflower.pt\/pt\/wp-json\/wp\/v2\/media?parent=3"}],"curies":[{"name":"wp","href":"https:\/\/api.w.org\/{rel}","templated":true}]}}