{"id":202,"date":"2021-12-19T17:19:32","date_gmt":"2021-12-19T17:19:32","guid":{"rendered":"https:\/\/fiore.vamtam.com\/?page_id=202"},"modified":"2025-10-26T16:06:32","modified_gmt":"2025-10-26T16:06:32","slug":"blog-florista-lagos-algarve","status":"publish","type":"page","link":"https:\/\/bflower.pt\/pt\/blog-florista-lagos-algarve\/","title":{"rendered":"Blogue"},"content":{"rendered":"<div data-elementor-type=\"wp-page\" data-elementor-id=\"202\" class=\"elementor elementor-202\" data-elementor-post-type=\"page\">\n\t\t\t\t\t\t<section class=\"elementor-section elementor-top-section elementor-element elementor-element-7a135e5 elementor-section-boxed elementor-section-height-default elementor-section-height-default\" data-id=\"7a135e5\" data-element_type=\"section\" data-settings=\"{&quot;background_background&quot;:&quot;classic&quot;}\">\n\t\t\t\t\t\t<div class=\"elementor-container elementor-column-gap-no\">\n\t\t\t\t\t<div class=\"elementor-column elementor-col-100 elementor-top-column elementor-element elementor-element-3e5bbbc\" data-id=\"3e5bbbc\" data-element_type=\"column\">\n\t\t\t<div class=\"elementor-widget-wrap elementor-element-populated\">\n\t\t\t\t\t\t<div class=\"vamtam-has-theme-widget-styles elementor-element elementor-element-675bf7f elementor-grid-1 elementor-posts--align-center elementor-grid-tablet-1 elementor-grid-mobile-1 elementor-posts--thumbnail-top elementor-widget elementor-widget-posts\" data-id=\"675bf7f\" data-element_type=\"widget\" data-settings=\"{&quot;vamtam_classic_columns&quot;:&quot;1&quot;,&quot;vamtam_classic_columns_tablet&quot;:&quot;1&quot;,&quot;vamtam_classic_columns_mobile&quot;:&quot;1&quot;,&quot;vamtam_classic_row_gap&quot;:{&quot;unit&quot;:&quot;px&quot;,&quot;size&quot;:35,&quot;sizes&quot;:[]},&quot;vamtam_classic_row_gap_tablet&quot;:{&quot;unit&quot;:&quot;px&quot;,&quot;size&quot;:&quot;&quot;,&quot;sizes&quot;:[]},&quot;vamtam_classic_row_gap_mobile&quot;:{&quot;unit&quot;:&quot;px&quot;,&quot;size&quot;:&quot;&quot;,&quot;sizes&quot;:[]}}\" data-widget_type=\"posts.vamtam_classic\">\n\t\t\t\t<div class=\"elementor-widget-container\">\n\t\t\t\t\t\t\t<div class=\"elementor-posts-container elementor-posts elementor-posts--skin-vamtam_classic elementor-grid\" role=\"list\">\n\t\t\t\t<article class=\"elementor-post elementor-grid-item post-2046 post type-post status-publish format-standard has-post-thumbnail hentry category-flowers tag-algarve tag-flowers tag-lagos\" role=\"listitem\">\n\t\t\t\t<a class=\"elementor-post__thumbnail__link\" href=\"https:\/\/bflower.pt\/pt\/os-melhores-espacos-para-casamentos-em-lagos-algarve-e-as-flores-que-os-completam\/\" tabindex=\"-1\" >\n\t\t\t<div class=\"elementor-post__thumbnail\"><img fetchpriority=\"high\" decoding=\"async\" width=\"592\" height=\"800\" src=\"https:\/\/bflower.pt\/wp-content\/uploads\/2022\/01\/pexels-anna-tarazevich-4928647.jpg\" class=\"attachment-full size-full wp-image-2047\" alt=\"\" srcset=\"https:\/\/bflower.pt\/wp-content\/uploads\/2022\/01\/pexels-anna-tarazevich-4928647.jpg 592w, https:\/\/bflower.pt\/wp-content\/uploads\/2022\/01\/pexels-anna-tarazevich-4928647-222x300.jpg 222w, https:\/\/bflower.pt\/wp-content\/uploads\/2022\/01\/pexels-anna-tarazevich-4928647-64x86.jpg 64w\" sizes=\"(max-width: 592px) 100vw, 592px\" \/><\/div>\n\t\t<\/a>\n\t\t\t\t\t<div class=\"elementor-post__meta-data\">\n\t\t\t\t\t\t\t<div class=\"vamtam-post__categories\">\n\t\t\t\t<a href=\"https:\/\/bflower.pt\/pt\/categoria\/flores\/\" rel=\"category tag\">Flores<\/a>\t\t\t<\/div>\n\t\t\t\t\t\t<\/div>\n\t\t\t\t\t<div class=\"elementor-post__text\">\n\t\t\t\t<h3 class=\"elementor-post__title\">\n\t\t\t<a href=\"https:\/\/bflower.pt\/pt\/os-melhores-espacos-para-casamentos-em-lagos-algarve-e-as-flores-que-os-completam\/\" >\n\t\t\t\tOs melhores locais para casamentos em Lagos, Algarve, e as suas lindas flores\t\t\t<\/a>\n\t\t<\/h3>\n\t\t\t\t<div class=\"elementor-post__excerpt\">\n\t\t\t<p>Poucos lugares no mundo combinam praias douradas, fal\u00e9sias espetaculares, ruas encantadoras de paralelep\u00edpedos e c\u00e9us ensolarados como Lagos. Situada no cora\u00e7\u00e3o do Algarve, esta cidade costeira tornou-se um dos destinos mais procurados da Europa para casamentos.<\/p>\n\t\t<\/div>\n\t\t\t\t<\/div>\n\t\t\t\t<\/article>\n\t\t\t\t<\/div>\n\t\t\n\t\t\t\t\t\t<\/div>\n\t\t\t\t<\/div>\n\t\t\t\t<div class=\"elementor-element elementor-element-a8d913d e-transform elementor-widget-divider--view-line elementor-widget elementor-widget-divider\" data-id=\"a8d913d\" data-element_type=\"widget\" data-settings=\"{&quot;_transform_rotateZ_effect&quot;:{&quot;unit&quot;:&quot;px&quot;,&quot;size&quot;:90,&quot;sizes&quot;:[]},&quot;motion_fx_motion_fx_scrolling&quot;:&quot;yes&quot;,&quot;motion_fx_translateX_effect&quot;:&quot;yes&quot;,&quot;motion_fx_translateX_direction&quot;:&quot;negative&quot;,&quot;motion_fx_translateX_speed&quot;:{&quot;unit&quot;:&quot;px&quot;,&quot;size&quot;:2,&quot;sizes&quot;:[]},&quot;motion_fx_translateX_affectedRange&quot;:{&quot;unit&quot;:&quot;%&quot;,&quot;size&quot;:&quot;&quot;,&quot;sizes&quot;:{&quot;start&quot;:45,&quot;end&quot;:70}},&quot;motion_fx_devices&quot;:[&quot;desktop&quot;],&quot;_transform_rotateZ_effect_tablet&quot;:{&quot;unit&quot;:&quot;deg&quot;,&quot;size&quot;:&quot;&quot;,&quot;sizes&quot;:[]},&quot;_transform_rotateZ_effect_mobile&quot;:{&quot;unit&quot;:&quot;deg&quot;,&quot;size&quot;:&quot;&quot;,&quot;sizes&quot;:[]}}\" data-widget_type=\"divider.default\">\n\t\t\t\t<div class=\"elementor-widget-container\">\n\t\t\t\t\t\t\t<div class=\"elementor-divider\">\n\t\t\t<span class=\"elementor-divider-separator\">\n\t\t\t\t\t\t<\/span>\n\t\t<\/div>\n\t\t\t\t\t\t<\/div>\n\t\t\t\t<\/div>\n\t\t\t\t\t<\/div>\n\t\t<\/div>\n\t\t\t\t\t<\/div>\n\t\t<\/section>\n\t\t\t\t<section class=\"elementor-section elementor-top-section elementor-element elementor-element-db1b28e elementor-section-boxed elementor-section-height-default elementor-section-height-default\" data-id=\"db1b28e\" data-element_type=\"section\">\n\t\t\t\t\t\t<div class=\"elementor-container elementor-column-gap-no\">\n\t\t\t\t\t<div class=\"elementor-column elementor-col-100 elementor-top-column elementor-element elementor-element-c81001b\" data-id=\"c81001b\" data-element_type=\"column\">\n\t\t\t<div class=\"elementor-widget-wrap elementor-element-populated\">\n\t\t\t\t\t\t<div class=\"vamtam-has-theme-widget-styles elementor-element elementor-element-27ba85f elementor-grid-2 elementor-grid-tablet-2 elementor-grid-mobile-1 elementor-posts--thumbnail-top elementor-widget elementor-widget-posts\" data-id=\"27ba85f\" data-element_type=\"widget\" data-settings=\"{&quot;vamtam_classic_masonry&quot;:&quot;yes&quot;,&quot;vamtam_classic_row_gap&quot;:{&quot;unit&quot;:&quot;px&quot;,&quot;size&quot;:50,&quot;sizes&quot;:[]},&quot;vamtam_classic_columns&quot;:&quot;2&quot;,&quot;vamtam_classic_columns_tablet&quot;:&quot;2&quot;,&quot;vamtam_classic_columns_mobile&quot;:&quot;1&quot;,&quot;vamtam_classic_row_gap_tablet&quot;:{&quot;unit&quot;:&quot;px&quot;,&quot;size&quot;:&quot;&quot;,&quot;sizes&quot;:[]},&quot;vamtam_classic_row_gap_mobile&quot;:{&quot;unit&quot;:&quot;px&quot;,&quot;size&quot;:&quot;&quot;,&quot;sizes&quot;:[]}}\" data-widget_type=\"posts.vamtam_classic\">\n\t\t\t\t<div class=\"elementor-widget-container\">\n\t\t\t\t\t\t\t<div class=\"elementor-posts-container elementor-posts elementor-posts--skin-vamtam_classic elementor-grid\" role=\"list\">\n\t\t\t\t<article class=\"elementor-post elementor-grid-item post-307 post type-post status-publish format-standard has-post-thumbnail hentry category-flowers tag-algarve tag-flowers tag-lagos\" role=\"listitem\">\n\t\t\t\t<a class=\"elementor-post__thumbnail__link\" href=\"https:\/\/bflower.pt\/pt\/flores-sazonais-no-algarve-o-que-floresce-em-cada-mes\/\" tabindex=\"-1\" >\n\t\t\t<div class=\"elementor-post__thumbnail\"><img decoding=\"async\" width=\"798\" height=\"798\" src=\"https:\/\/bflower.pt\/wp-content\/uploads\/2021\/12\/pexels-alleksana-4238320.jpg\" class=\"attachment-full size-full wp-image-310\" alt=\"\" srcset=\"https:\/\/bflower.pt\/wp-content\/uploads\/2021\/12\/pexels-alleksana-4238320.jpg 798w, https:\/\/bflower.pt\/wp-content\/uploads\/2021\/12\/pexels-alleksana-4238320-300x300.jpg 300w, https:\/\/bflower.pt\/wp-content\/uploads\/2021\/12\/pexels-alleksana-4238320-150x150.jpg 150w, https:\/\/bflower.pt\/wp-content\/uploads\/2021\/12\/pexels-alleksana-4238320-768x768.jpg 768w, https:\/\/bflower.pt\/wp-content\/uploads\/2021\/12\/pexels-alleksana-4238320-420x420.jpg 420w, https:\/\/bflower.pt\/wp-content\/uploads\/2021\/12\/pexels-alleksana-4238320-630x630.jpg 630w, https:\/\/bflower.pt\/wp-content\/uploads\/2021\/12\/pexels-alleksana-4238320-315x315.jpg 315w, https:\/\/bflower.pt\/wp-content\/uploads\/2021\/12\/pexels-alleksana-4238320-64x64.jpg 64w\" sizes=\"(max-width: 798px) 100vw, 798px\" \/><\/div>\n\t\t<\/a>\n\t\t\t\t\t<div class=\"elementor-post__meta-data\">\n\t\t\t\t\t\t\t<div class=\"vamtam-post__categories\">\n\t\t\t\t<a href=\"https:\/\/bflower.pt\/pt\/categoria\/flores\/\" rel=\"category tag\">Flores<\/a>\t\t\t<\/div>\n\t\t\t\t\t\t<\/div>\n\t\t\t\t\t<div class=\"elementor-post__text\">\n\t\t\t\t<h3 class=\"elementor-post__title\">\n\t\t\t<a href=\"https:\/\/bflower.pt\/pt\/flores-sazonais-no-algarve-o-que-floresce-em-cada-mes\/\" >\n\t\t\t\tFlores sazonais no Algarve: o que floresce em cada m\u00eas\t\t\t<\/a>\n\t\t<\/h3>\n\t\t\t\t<div class=\"elementor-post__excerpt\">\n\t\t\t<p>O Algarve \u00e9 conhecido pelas suas praias douradas e sol infinito, mas tamb\u00e9m \u00e9 o lar de uma rica variedade de flores que mudam com as esta\u00e7\u00f5es do ano. Quer esteja a planear um casamento, a enviar um ramo a um ente querido ou simplesmente a decorar a sua casa.<\/p>\n\t\t<\/div>\n\t\t\t\t<\/div>\n\t\t\t\t<\/article>\n\t\t\t\t<article class=\"elementor-post elementor-grid-item post-1471 post type-post status-publish format-standard has-post-thumbnail hentry category-flowers tag-algarve tag-flowers tag-lagos\" role=\"listitem\">\n\t\t\t\t<a class=\"elementor-post__thumbnail__link\" href=\"https:\/\/bflower.pt\/pt\/como-surpreender-alguem-em-lagos-com-uma-entrega-de-flores-no-mesmo-dia\/\" tabindex=\"-1\" >\n\t\t\t<div class=\"elementor-post__thumbnail\"><img decoding=\"async\" width=\"798\" height=\"798\" src=\"https:\/\/bflower.pt\/wp-content\/uploads\/2022\/01\/pexels-alleksana-4238320.jpg\" class=\"attachment-full size-full wp-image-1472\" alt=\"\" srcset=\"https:\/\/bflower.pt\/wp-content\/uploads\/2022\/01\/pexels-alleksana-4238320.jpg 798w, https:\/\/bflower.pt\/wp-content\/uploads\/2022\/01\/pexels-alleksana-4238320-300x300.jpg 300w, https:\/\/bflower.pt\/wp-content\/uploads\/2022\/01\/pexels-alleksana-4238320-150x150.jpg 150w, https:\/\/bflower.pt\/wp-content\/uploads\/2022\/01\/pexels-alleksana-4238320-768x768.jpg 768w, https:\/\/bflower.pt\/wp-content\/uploads\/2022\/01\/pexels-alleksana-4238320-420x420.jpg 420w, https:\/\/bflower.pt\/wp-content\/uploads\/2022\/01\/pexels-alleksana-4238320-630x630.jpg 630w, https:\/\/bflower.pt\/wp-content\/uploads\/2022\/01\/pexels-alleksana-4238320-315x315.jpg 315w, https:\/\/bflower.pt\/wp-content\/uploads\/2022\/01\/pexels-alleksana-4238320-64x64.jpg 64w\" sizes=\"(max-width: 798px) 100vw, 798px\" \/><\/div>\n\t\t<\/a>\n\t\t\t\t\t<div class=\"elementor-post__meta-data\">\n\t\t\t\t\t\t\t<div class=\"vamtam-post__categories\">\n\t\t\t\t<a href=\"https:\/\/bflower.pt\/pt\/categoria\/flores\/\" rel=\"category tag\">Flores<\/a>\t\t\t<\/div>\n\t\t\t\t\t\t<\/div>\n\t\t\t\t\t<div class=\"elementor-post__text\">\n\t\t\t\t<h3 class=\"elementor-post__title\">\n\t\t\t<a href=\"https:\/\/bflower.pt\/pt\/como-surpreender-alguem-em-lagos-com-uma-entrega-de-flores-no-mesmo-dia\/\" >\n\t\t\t\tComo surpreender algu\u00e9m em Lagos com entrega de flores no mesmo dia\t\t\t<\/a>\n\t\t<\/h3>\n\t\t\t\t<div class=\"elementor-post__excerpt\">\n\t\t\t<p>\u00c0s vezes, os melhores momentos da vida s\u00e3o aqueles que n\u00e3o s\u00e3o planeados, um \u00abamo-te\u00bb inesperado, uma surpresa de \u00faltima hora no anivers\u00e1rio ou simplesmente querer alegrar o dia de algu\u00e9m. Em Lagos, no Algarve, enviar flores \u00e9 uma das formas mais f\u00e1ceis e sinceras de o fazer.<\/p>\n\t\t<\/div>\n\t\t\t\t<\/div>\n\t\t\t\t<\/article>\n\t\t\t\t<\/div>\n\t\t\n\t\t\t\t\t\t<\/div>\n\t\t\t\t<\/div>\n\t\t\t\t\t<\/div>\n\t\t<\/div>\n\t\t\t\t\t<\/div>\n\t\t<\/section>\n\t\t\t\t<\/div>","protected":false},"excerpt":{"rendered":"","protected":false},"author":1,"featured_media":0,"parent":0,"menu_order":0,"comment_status":"closed","ping_status":"closed","template":"","meta":{"footnotes":""},"class_list":["post-202","page","type-page","status-publish","hentry"],"aioseo_notices":[],"_links":{"self":[{"href":"https:\/\/bflower.pt\/pt\/wp-json\/wp\/v2\/pages\/202","targetHints":{"allow":["GET"]}}],"collection":[{"href":"https:\/\/bflower.pt\/pt\/wp-json\/wp\/v2\/pages"}],"about":[{"href":"https:\/\/bflower.pt\/pt\/wp-json\/wp\/v2\/types\/page"}],"author":[{"embeddable":true,"href":"https:\/\/bflower.pt\/pt\/wp-json\/wp\/v2\/users\/1"}],"replies":[{"embeddable":true,"href":"https:\/\/bflower.pt\/pt\/wp-json\/wp\/v2\/comments?post=202"}],"version-history":[{"count":6,"href":"https:\/\/bflower.pt\/pt\/wp-json\/wp\/v2\/pages\/202\/revisions"}],"predecessor-version":[{"id":988573,"href":"https:\/\/bflower.pt\/pt\/wp-json\/wp\/v2\/pages\/202\/revisions\/988573"}],"wp:attachment":[{"href":"https:\/\/bflower.pt\/pt\/wp-json\/wp\/v2\/media?parent=202"}],"curies":[{"name":"wp","href":"https:\/\/api.w.org\/{rel}","templated":true}]}}